{"id":852,"date":"2025-06-11T13:44:44","date_gmt":"2025-06-11T16:44:44","guid":{"rendered":"https:\/\/hamburgo.co\/?post_type=product&#038;p=852"},"modified":"2026-04-16T09:29:34","modified_gmt":"2026-04-16T12:29:34","slug":"arma-tu-aventura-not-co","status":"publish","type":"product","link":"https:\/\/hamburgo.co\/torreon\/producto\/arma-tu-aventura-not-co\/","title":{"rendered":"Arma tu aventura NOT CO"},"content":{"rendered":"","protected":false},"excerpt":{"rendered":"<p><strong>\u00a1Eleg\u00ed todos los adicionales que quieras! Esta aventura la arm\u00e1s vos (versi\u00f3n vegan)<\/strong><\/p>\n<p>INGREDIENTES:<\/p>\n<ul>\n<li>Pan de c\u00farcuma<\/li>\n<li>Medall\u00f3n Not-co<\/li>\n<\/ul>\n","protected":false},"featured_media":1624,"template":"","meta":{"_acf_changed":false},"product_brand":[],"product_cat":[89],"product_tag":[],"class_list":{"0":"post-852","1":"product","2":"type-product","3":"status-publish","4":"has-post-thumbnail","6":"product_cat-veggie","8":"first","9":"instock","10":"shipping-taxable","11":"purchasable","12":"product-type-simple"},"exclude_global_add_ons":false,"addons":[{"name":"Personalizaci\u00f3n","type":"checkbox","position":0,"required":false,"title_format":"label","default":"","description_enable":false,"description":"","placeholder_enable":false,"placeholder":"","display":"select","restrictions_type":"any_text","adjust_price":false,"price":"","price_type":"flat_fee","restrictions":false,"min":"0","max":"0","options":[{"label":"Cambio a Pan Brioche","price":"300","price_type":"flat_fee","image":0,"visibility":true},{"label":"Cambio a Pan Brioche con Queso","price":"650","price_type":"flat_fee","image":0,"visibility":true}],"id":1776331775},{"name":"Aderezos","type":"checkbox","position":0,"required":false,"title_format":"label","default":"","description_enable":false,"description":"","placeholder_enable":false,"placeholder":"","display":"select","restrictions_type":"any_text","adjust_price":false,"price":"","price_type":"flat_fee","restrictions":false,"min":"0","max":"0","options":[{"label":"Mayonesa","price":"","price_type":"flat_fee","image":0,"visibility":true},{"label":"Ketchup","price":"","price_type":"flat_fee","image":0,"visibility":true},{"label":"Mostaza","price":"","price_type":"flat_fee","image":0,"visibility":true},{"label":"Sal","price":"","price_type":"flat_fee","image":0,"visibility":true}],"id":1768994942},{"name":"Eleg\u00ed tu guarnici\u00f3n:","type":"multiple_choice","position":0,"required":true,"title_format":"label","default":"1","description_enable":false,"description":"","placeholder_enable":false,"placeholder":"","display":"radiobutton","restrictions_type":"any_text","adjust_price":false,"price":"","price_type":"flat_fee","restrictions":false,"min":"0","max":"0","options":[{"label":"Sin Guarnici\u00f3n","price":"","price_type":"flat_fee","image":0,"visibility":true},{"label":"Papas baston McCain","price":"","price_type":"flat_fee","image":0,"visibility":true},{"label":"Aros de Cebolla","price":"","price_type":"flat_fee","image":0,"visibility":false}],"id":1752149276},{"name":"Eleg\u00ed el tama\u00f1o de tu guarnici\u00f3n","type":"multiple_choice","position":1,"required":true,"title_format":"label","default":"2","description_enable":false,"description":"","placeholder_enable":false,"placeholder":"","display":"radiobutton","restrictions_type":"any_text","adjust_price":false,"price":"","price_type":"flat_fee","restrictions":false,"min":"0","max":"0","options":[{"label":"Sin Guarnici\u00f3n","price":"-2000","price_type":"flat_fee","image":0,"visibility":true},{"label":"Peque\u00f1a","price":"-1000","price_type":"flat_fee","image":0,"visibility":true},{"label":"Mediana","price":"","price_type":"flat_fee","image":0,"visibility":true},{"label":"Grande","price":"1500","price_type":"flat_fee","image":0,"visibility":true},{"label":"Grande (promo lunes a jueves)","price":"","price_type":"flat_fee","image":0,"visibility":false}],"id":1759753473},{"name":"Adicionales","type":"checkbox","position":0,"required":false,"title_format":"label","default":"","description_enable":true,"description":"\u00a1Eleg\u00ed los adicionales que quieras dentro de tu hamburguesa!","placeholder_enable":false,"placeholder":"","display":"select","restrictions_type":"any_text","adjust_price":false,"price":"","price_type":"flat_fee","restrictions":false,"min":"0","max":"0","options":[{"label":"Extra Aros de Cebolla","price":"500","price_type":"flat_fee","image":0,"visibility":true},{"label":"Extra Bastones de Muzza (2)","price":"3000","price_type":"flat_fee","image":0,"visibility":true},{"label":"Extra Cebolla Caramelizada","price":"300","price_type":"flat_fee","image":0,"visibility":true},{"label":"Extra Queso Cheddar","price":"1000","price_type":"flat_fee","image":0,"visibility":true},{"label":"Extra Jeringa de Cheddar","price":"1500","price_type":"flat_fee","image":0,"visibility":true},{"label":"Extra Huevo","price":"800","price_type":"flat_fee","image":0,"visibility":true},{"label":"Extra Lechuga","price":"300","price_type":"flat_fee","image":0,"visibility":true},{"label":"Extra Medall\u00f3n NotCo","price":"4000","price_type":"flat_fee","image":0,"visibility":true},{"label":"Extra Medall\u00f3n con Queso Cheddar","price":"4000","price_type":"flat_fee","image":0,"visibility":true},{"label":"Extra Medall\u00f3n con Roquefort","price":"4000","price_type":"flat_fee","image":0,"visibility":true},{"label":"Extra Medall\u00f3n Vegeta","price":"6000","price_type":"flat_fee","image":0,"visibility":true},{"label":"Extra Panceta","price":"2000","price_type":"flat_fee","image":0,"visibility":true},{"label":"Extra Pepinillo","price":"300","price_type":"flat_fee","image":0,"visibility":true},{"label":"Extra Provoleta","price":"1500","price_type":"flat_fee","image":0,"visibility":true},{"label":"Extra Queso Danbo","price":"1000","price_type":"flat_fee","image":0,"visibility":true},{"label":"Extra Tomate","price":"500","price_type":"flat_fee","image":0,"visibility":true}],"id":1776331075}],"acf":[],"yoast_head":"<!-- This site is optimized with the Yoast SEO plugin v27.4 - https:\/\/yoast.com\/product\/yoast-seo-wordpress\/ -->\n<title>Arma tu aventura NOT CO - HAMBURGO - Torreon<\/title>\n<meta name=\"robots\" content=\"index, follow, max-snippet:-1, max-image-preview:large, max-video-preview:-1\" \/>\n<link rel=\"canonical\" href=\"https:\/\/hamburgo.co\/torreon\/producto\/arma-tu-aventura-not-co\/\" \/>\n<meta property=\"og:locale\" content=\"es_ES\" \/>\n<meta property=\"og:type\" content=\"article\" \/>\n<meta property=\"og:title\" content=\"Arma tu aventura NOT CO - HAMBURGO - Torreon\" \/>\n<meta property=\"og:description\" content=\"\u00a1Eleg\u00ed todos los adicionales que quieras! Esta aventura la arm\u00e1s vos (versi\u00f3n vegan)  INGREDIENTES:   Pan de c\u00farcuma  Medall\u00f3n Not-co\" \/>\n<meta property=\"og:url\" content=\"https:\/\/hamburgo.co\/torreon\/producto\/arma-tu-aventura-not-co\/\" \/>\n<meta property=\"og:site_name\" content=\"HAMBURGO - Torreon\" \/>\n<meta property=\"article:modified_time\" content=\"2026-04-16T12:29:34+00:00\" \/>\n<meta property=\"og:image\" content=\"https:\/\/hamburgo.co\/torreon\/wp-content\/uploads\/sites\/5\/2025\/06\/arma_tu_aventura_not_co-removebg-preview.png\" \/>\n\t<meta property=\"og:image:width\" content=\"576\" \/>\n\t<meta property=\"og:image:height\" content=\"433\" \/>\n\t<meta property=\"og:image:type\" content=\"image\/png\" \/>\n<meta name=\"twitter:card\" content=\"summary_large_image\" \/>\n<meta name=\"twitter:label1\" content=\"Tiempo de lectura\" \/>\n\t<meta name=\"twitter:data1\" content=\"1 minuto\" \/>\n<script type=\"application\/ld+json\" class=\"yoast-schema-graph\">{\"@context\":\"https:\\\/\\\/schema.org\",\"@graph\":[{\"@type\":\"WebPage\",\"@id\":\"https:\\\/\\\/hamburgo.co\\\/torreon\\\/producto\\\/arma-tu-aventura-not-co\\\/\",\"url\":\"https:\\\/\\\/hamburgo.co\\\/torreon\\\/producto\\\/arma-tu-aventura-not-co\\\/\",\"name\":\"Arma tu aventura NOT CO - HAMBURGO - Torreon\",\"isPartOf\":{\"@id\":\"https:\\\/\\\/hamburgo.co\\\/torreon\\\/#website\"},\"primaryImageOfPage\":{\"@id\":\"https:\\\/\\\/hamburgo.co\\\/torreon\\\/producto\\\/arma-tu-aventura-not-co\\\/#primaryimage\"},\"image\":{\"@id\":\"https:\\\/\\\/hamburgo.co\\\/torreon\\\/producto\\\/arma-tu-aventura-not-co\\\/#primaryimage\"},\"thumbnailUrl\":\"https:\\\/\\\/hamburgo.co\\\/torreon\\\/wp-content\\\/uploads\\\/sites\\\/5\\\/2025\\\/06\\\/arma_tu_aventura_not_co-removebg-preview.png\",\"datePublished\":\"2025-06-11T16:44:44+00:00\",\"dateModified\":\"2026-04-16T12:29:34+00:00\",\"breadcrumb\":{\"@id\":\"https:\\\/\\\/hamburgo.co\\\/torreon\\\/producto\\\/arma-tu-aventura-not-co\\\/#breadcrumb\"},\"inLanguage\":\"es\",\"potentialAction\":[{\"@type\":\"ReadAction\",\"target\":[\"https:\\\/\\\/hamburgo.co\\\/torreon\\\/producto\\\/arma-tu-aventura-not-co\\\/\"]}]},{\"@type\":\"ImageObject\",\"inLanguage\":\"es\",\"@id\":\"https:\\\/\\\/hamburgo.co\\\/torreon\\\/producto\\\/arma-tu-aventura-not-co\\\/#primaryimage\",\"url\":\"https:\\\/\\\/hamburgo.co\\\/torreon\\\/wp-content\\\/uploads\\\/sites\\\/5\\\/2025\\\/06\\\/arma_tu_aventura_not_co-removebg-preview.png\",\"contentUrl\":\"https:\\\/\\\/hamburgo.co\\\/torreon\\\/wp-content\\\/uploads\\\/sites\\\/5\\\/2025\\\/06\\\/arma_tu_aventura_not_co-removebg-preview.png\",\"width\":576,\"height\":433},{\"@type\":\"BreadcrumbList\",\"@id\":\"https:\\\/\\\/hamburgo.co\\\/torreon\\\/producto\\\/arma-tu-aventura-not-co\\\/#breadcrumb\",\"itemListElement\":[{\"@type\":\"ListItem\",\"position\":1,\"name\":\"Portada\",\"item\":\"https:\\\/\\\/hamburgo.co\\\/torreon\\\/\"},{\"@type\":\"ListItem\",\"position\":2,\"name\":\"Men\u00fa\",\"item\":\"https:\\\/\\\/hamburgo.co\\\/torreon\\\/menu\\\/\"},{\"@type\":\"ListItem\",\"position\":3,\"name\":\"Arma tu aventura NOT CO\"}]},{\"@type\":\"WebSite\",\"@id\":\"https:\\\/\\\/hamburgo.co\\\/torreon\\\/#website\",\"url\":\"https:\\\/\\\/hamburgo.co\\\/torreon\\\/\",\"name\":\"HAMBURGO - Torreon\",\"description\":\"Drink &amp; Bite  - Mar del Plata\",\"potentialAction\":[{\"@type\":\"SearchAction\",\"target\":{\"@type\":\"EntryPoint\",\"urlTemplate\":\"https:\\\/\\\/hamburgo.co\\\/torreon\\\/?s={search_term_string}\"},\"query-input\":{\"@type\":\"PropertyValueSpecification\",\"valueRequired\":true,\"valueName\":\"search_term_string\"}}],\"inLanguage\":\"es\"}]}<\/script>\n<!-- \/ Yoast SEO plugin. -->","yoast_head_json":{"title":"Arma tu aventura NOT CO - HAMBURGO - Torreon","robots":{"index":"index","follow":"follow","max-snippet":"max-snippet:-1","max-image-preview":"max-image-preview:large","max-video-preview":"max-video-preview:-1"},"canonical":"https:\/\/hamburgo.co\/torreon\/producto\/arma-tu-aventura-not-co\/","og_locale":"es_ES","og_type":"article","og_title":"Arma tu aventura NOT CO - HAMBURGO - Torreon","og_description":"\u00a1Eleg\u00ed todos los adicionales que quieras! Esta aventura la arm\u00e1s vos (versi\u00f3n vegan)  INGREDIENTES:   Pan de c\u00farcuma  Medall\u00f3n Not-co","og_url":"https:\/\/hamburgo.co\/torreon\/producto\/arma-tu-aventura-not-co\/","og_site_name":"HAMBURGO - Torreon","article_modified_time":"2026-04-16T12:29:34+00:00","og_image":[{"width":576,"height":433,"url":"https:\/\/hamburgo.co\/torreon\/wp-content\/uploads\/sites\/5\/2025\/06\/arma_tu_aventura_not_co-removebg-preview.png","type":"image\/png"}],"twitter_card":"summary_large_image","twitter_misc":{"Tiempo de lectura":"1 minuto"},"schema":{"@context":"https:\/\/schema.org","@graph":[{"@type":"WebPage","@id":"https:\/\/hamburgo.co\/torreon\/producto\/arma-tu-aventura-not-co\/","url":"https:\/\/hamburgo.co\/torreon\/producto\/arma-tu-aventura-not-co\/","name":"Arma tu aventura NOT CO - HAMBURGO - Torreon","isPartOf":{"@id":"https:\/\/hamburgo.co\/torreon\/#website"},"primaryImageOfPage":{"@id":"https:\/\/hamburgo.co\/torreon\/producto\/arma-tu-aventura-not-co\/#primaryimage"},"image":{"@id":"https:\/\/hamburgo.co\/torreon\/producto\/arma-tu-aventura-not-co\/#primaryimage"},"thumbnailUrl":"https:\/\/hamburgo.co\/torreon\/wp-content\/uploads\/sites\/5\/2025\/06\/arma_tu_aventura_not_co-removebg-preview.png","datePublished":"2025-06-11T16:44:44+00:00","dateModified":"2026-04-16T12:29:34+00:00","breadcrumb":{"@id":"https:\/\/hamburgo.co\/torreon\/producto\/arma-tu-aventura-not-co\/#breadcrumb"},"inLanguage":"es","potentialAction":[{"@type":"ReadAction","target":["https:\/\/hamburgo.co\/torreon\/producto\/arma-tu-aventura-not-co\/"]}]},{"@type":"ImageObject","inLanguage":"es","@id":"https:\/\/hamburgo.co\/torreon\/producto\/arma-tu-aventura-not-co\/#primaryimage","url":"https:\/\/hamburgo.co\/torreon\/wp-content\/uploads\/sites\/5\/2025\/06\/arma_tu_aventura_not_co-removebg-preview.png","contentUrl":"https:\/\/hamburgo.co\/torreon\/wp-content\/uploads\/sites\/5\/2025\/06\/arma_tu_aventura_not_co-removebg-preview.png","width":576,"height":433},{"@type":"BreadcrumbList","@id":"https:\/\/hamburgo.co\/torreon\/producto\/arma-tu-aventura-not-co\/#breadcrumb","itemListElement":[{"@type":"ListItem","position":1,"name":"Portada","item":"https:\/\/hamburgo.co\/torreon\/"},{"@type":"ListItem","position":2,"name":"Men\u00fa","item":"https:\/\/hamburgo.co\/torreon\/menu\/"},{"@type":"ListItem","position":3,"name":"Arma tu aventura NOT CO"}]},{"@type":"WebSite","@id":"https:\/\/hamburgo.co\/torreon\/#website","url":"https:\/\/hamburgo.co\/torreon\/","name":"HAMBURGO - Torreon","description":"Drink &amp; Bite  - Mar del Plata","potentialAction":[{"@type":"SearchAction","target":{"@type":"EntryPoint","urlTemplate":"https:\/\/hamburgo.co\/torreon\/?s={search_term_string}"},"query-input":{"@type":"PropertyValueSpecification","valueRequired":true,"valueName":"search_term_string"}}],"inLanguage":"es"}]}},"_links":{"self":[{"href":"https:\/\/hamburgo.co\/torreon\/wp-json\/wp\/v2\/product\/852","targetHints":{"allow":["GET"]}}],"collection":[{"href":"https:\/\/hamburgo.co\/torreon\/wp-json\/wp\/v2\/product"}],"about":[{"href":"https:\/\/hamburgo.co\/torreon\/wp-json\/wp\/v2\/types\/product"}],"wp:featuredmedia":[{"embeddable":true,"href":"https:\/\/hamburgo.co\/torreon\/wp-json\/wp\/v2\/media\/1624"}],"wp:attachment":[{"href":"https:\/\/hamburgo.co\/torreon\/wp-json\/wp\/v2\/media?parent=852"}],"wp:term":[{"taxonomy":"product_brand","embeddable":true,"href":"https:\/\/hamburgo.co\/torreon\/wp-json\/wp\/v2\/product_brand?post=852"},{"taxonomy":"product_cat","embeddable":true,"href":"https:\/\/hamburgo.co\/torreon\/wp-json\/wp\/v2\/product_cat?post=852"},{"taxonomy":"product_tag","embeddable":true,"href":"https:\/\/hamburgo.co\/torreon\/wp-json\/wp\/v2\/product_tag?post=852"}],"curies":[{"name":"wp","href":"https:\/\/api.w.org\/{rel}","templated":true}]}}