{"id":815,"date":"2025-06-11T13:13:18","date_gmt":"2025-06-11T16:13:18","guid":{"rendered":"https:\/\/hamburgo.co\/?post_type=product&#038;p=815"},"modified":"2026-04-16T09:23:05","modified_gmt":"2026-04-16T12:23:05","slug":"junkie-cheddar","status":"publish","type":"product","link":"https:\/\/hamburgo.co\/torreon\/producto\/junkie-cheddar\/","title":{"rendered":"Junkie Cheddar"},"content":{"rendered":"<p><strong>INGREDIENTES\u00a0<\/strong><\/p>\n<p>Pan brioche<\/p>\n<p>Medall\u00f3n smashed<\/p>\n<p>Doble queso cheddar<\/p>\n<p>Cebolla caramelizada<\/p>\n<p>Barbacoa<\/p>\n<p>Panceta crocante<\/p>\n<p>Jeringa de cheddar<\/p>\n","protected":false},"excerpt":{"rendered":"<p><strong>\u00a1La m\u00e1s vendida!<\/strong><\/p>\n<p><strong>INGREDIENTES:<\/strong><br \/>\n\u00b7Pan Brioche<br \/>\n\u00b7Medall\u00f3n Smashed de 110gr<br \/>\n\u00b7Panceta<br \/>\n\u00b7Queso Cheddar<br \/>\n\u00b7Cebolla caramelizada<br \/>\n\u00b7Barbacoa<br \/>\n\u00b7Jeringa repleta de Cheddar l\u00edquido<\/p>\n","protected":false},"featured_media":1548,"template":"","meta":{"_acf_changed":false},"product_brand":[],"product_cat":[91],"product_tag":[],"class_list":{"0":"post-815","1":"product","2":"type-product","3":"status-publish","4":"has-post-thumbnail","6":"product_cat-flow","8":"first","9":"instock","10":"shipping-taxable","11":"purchasable","12":"product-type-variable","13":"has-default-attributes"},"exclude_global_add_ons":false,"addons":[{"name":"Personalizaci\u00f3n","type":"checkbox","position":0,"required":false,"title_format":"label","default":"","description_enable":false,"description":"","placeholder_enable":false,"placeholder":"","display":"select","restrictions_type":"any_text","adjust_price":false,"price":"","price_type":"flat_fee","restrictions":false,"min":"0","max":"0","options":[{"label":"Sin Cebolla Caramelizada","price":"","price_type":"flat_fee","image":0,"visibility":true},{"label":"Sin Panceta","price":"","price_type":"flat_fee","image":0,"visibility":true},{"label":"Sin Jeringa de Cheddar Liquido","price":"","price_type":"flat_fee","image":0,"visibility":true},{"label":"Sin Barbacoa","price":"","price_type":"flat_fee","image":0,"visibility":true},{"label":"Sin Queso Cheddar","price":"","price_type":"flat_fee","image":0,"visibility":true},{"label":"Cambio a Pan de Curcuma","price":"","price_type":"flat_fee","image":0,"visibility":true},{"label":"Cambio a Pan Brioche con Queso","price":"500","price_type":"flat_fee","image":0,"visibility":true}],"id":1759486809},{"name":"Aderezos","type":"checkbox","position":0,"required":false,"title_format":"label","default":"","description_enable":false,"description":"","placeholder_enable":false,"placeholder":"","display":"select","restrictions_type":"any_text","adjust_price":false,"price":"","price_type":"flat_fee","restrictions":false,"min":"0","max":"0","options":[{"label":"Mayonesa","price":"","price_type":"flat_fee","image":0,"visibility":true},{"label":"Ketchup","price":"","price_type":"flat_fee","image":0,"visibility":true},{"label":"Mostaza","price":"","price_type":"flat_fee","image":0,"visibility":true},{"label":"Sal","price":"","price_type":"flat_fee","image":0,"visibility":true}],"id":1768994942},{"name":"Eleg\u00ed tu guarnici\u00f3n:","type":"multiple_choice","position":0,"required":true,"title_format":"label","default":"1","description_enable":false,"description":"","placeholder_enable":false,"placeholder":"","display":"radiobutton","restrictions_type":"any_text","adjust_price":false,"price":"","price_type":"flat_fee","restrictions":false,"min":"0","max":"0","options":[{"label":"Sin Guarnici\u00f3n","price":"","price_type":"flat_fee","image":0,"visibility":true},{"label":"Papas baston McCain","price":"","price_type":"flat_fee","image":0,"visibility":true},{"label":"Aros de Cebolla","price":"","price_type":"flat_fee","image":0,"visibility":false}],"id":1752149276},{"name":"Eleg\u00ed el tama\u00f1o de tu guarnici\u00f3n","type":"multiple_choice","position":1,"required":true,"title_format":"label","default":"2","description_enable":false,"description":"","placeholder_enable":false,"placeholder":"","display":"radiobutton","restrictions_type":"any_text","adjust_price":false,"price":"","price_type":"flat_fee","restrictions":false,"min":"0","max":"0","options":[{"label":"Sin Guarnici\u00f3n","price":"-2000","price_type":"flat_fee","image":0,"visibility":true},{"label":"Peque\u00f1a","price":"-1000","price_type":"flat_fee","image":0,"visibility":true},{"label":"Mediana","price":"","price_type":"flat_fee","image":0,"visibility":true},{"label":"Grande","price":"1500","price_type":"flat_fee","image":0,"visibility":true},{"label":"Grande (promo lunes a jueves)","price":"","price_type":"flat_fee","image":0,"visibility":false}],"id":1759753473},{"name":"Adicionales","type":"checkbox","position":0,"required":false,"title_format":"label","default":"","description_enable":true,"description":"\u00a1Eleg\u00ed los adicionales que quieras dentro de tu hamburguesa!","placeholder_enable":false,"placeholder":"","display":"select","restrictions_type":"any_text","adjust_price":false,"price":"","price_type":"flat_fee","restrictions":false,"min":"0","max":"0","options":[{"label":"Extra Aros de Cebolla","price":"500","price_type":"flat_fee","image":0,"visibility":true},{"label":"Extra Bastones de Muzza (2)","price":"3000","price_type":"flat_fee","image":0,"visibility":true},{"label":"Extra Cebolla Caramelizada","price":"300","price_type":"flat_fee","image":0,"visibility":true},{"label":"Extra Queso Cheddar","price":"1000","price_type":"flat_fee","image":0,"visibility":true},{"label":"Extra Jeringa de Cheddar","price":"1500","price_type":"flat_fee","image":0,"visibility":true},{"label":"Extra Huevo","price":"800","price_type":"flat_fee","image":0,"visibility":true},{"label":"Extra Lechuga","price":"300","price_type":"flat_fee","image":0,"visibility":true},{"label":"Extra Medall\u00f3n NotCo","price":"4000","price_type":"flat_fee","image":0,"visibility":true},{"label":"Extra Medall\u00f3n con Queso Cheddar","price":"4000","price_type":"flat_fee","image":0,"visibility":true},{"label":"Extra Medall\u00f3n con Roquefort","price":"4000","price_type":"flat_fee","image":0,"visibility":true},{"label":"Extra Medall\u00f3n Vegeta","price":"6000","price_type":"flat_fee","image":0,"visibility":true},{"label":"Extra Panceta","price":"2000","price_type":"flat_fee","image":0,"visibility":true},{"label":"Extra Pepinillo","price":"300","price_type":"flat_fee","image":0,"visibility":true},{"label":"Extra Provoleta","price":"1500","price_type":"flat_fee","image":0,"visibility":true},{"label":"Extra Queso Danbo","price":"1000","price_type":"flat_fee","image":0,"visibility":true},{"label":"Extra Tomate","price":"500","price_type":"flat_fee","image":0,"visibility":true}],"id":1776331075}],"acf":[],"yoast_head":"<!-- This site is optimized with the Yoast SEO plugin v27.4 - https:\/\/yoast.com\/product\/yoast-seo-wordpress\/ -->\n<title>Junkie Cheddar - HAMBURGO - Torreon<\/title>\n<meta name=\"robots\" content=\"index, follow, max-snippet:-1, max-image-preview:large, max-video-preview:-1\" \/>\n<link rel=\"canonical\" href=\"https:\/\/hamburgo.co\/torreon\/producto\/junkie-cheddar\/\" \/>\n<meta property=\"og:locale\" content=\"es_ES\" \/>\n<meta property=\"og:type\" content=\"article\" \/>\n<meta property=\"og:title\" content=\"Junkie Cheddar - HAMBURGO - Torreon\" \/>\n<meta property=\"og:description\" content=\"\u00a1La m\u00e1s vendida!  INGREDIENTES: \u00b7Pan Brioche \u00b7Medall\u00f3n Smashed de 110gr \u00b7Panceta \u00b7Queso Cheddar \u00b7Cebolla caramelizada \u00b7Barbacoa \u00b7Jeringa repleta de Cheddar l\u00edquido\" \/>\n<meta property=\"og:url\" content=\"https:\/\/hamburgo.co\/torreon\/producto\/junkie-cheddar\/\" \/>\n<meta property=\"og:site_name\" content=\"HAMBURGO - Torreon\" \/>\n<meta property=\"article:modified_time\" content=\"2026-04-16T12:23:05+00:00\" \/>\n<meta property=\"og:image\" content=\"https:\/\/hamburgo.co\/torreon\/wp-content\/uploads\/sites\/5\/2025\/06\/Junkie-Cheddar.jpeg\" \/>\n\t<meta property=\"og:image:width\" content=\"991\" \/>\n\t<meta property=\"og:image:height\" content=\"991\" \/>\n\t<meta property=\"og:image:type\" content=\"image\/jpeg\" \/>\n<meta name=\"twitter:card\" content=\"summary_large_image\" \/>\n<meta name=\"twitter:label1\" content=\"Tiempo de lectura\" \/>\n\t<meta name=\"twitter:data1\" content=\"1 minuto\" \/>\n<script type=\"application\/ld+json\" class=\"yoast-schema-graph\">{\"@context\":\"https:\\\/\\\/schema.org\",\"@graph\":[{\"@type\":\"WebPage\",\"@id\":\"https:\\\/\\\/hamburgo.co\\\/torreon\\\/producto\\\/junkie-cheddar\\\/\",\"url\":\"https:\\\/\\\/hamburgo.co\\\/torreon\\\/producto\\\/junkie-cheddar\\\/\",\"name\":\"Junkie Cheddar - HAMBURGO - Torreon\",\"isPartOf\":{\"@id\":\"https:\\\/\\\/hamburgo.co\\\/torreon\\\/#website\"},\"primaryImageOfPage\":{\"@id\":\"https:\\\/\\\/hamburgo.co\\\/torreon\\\/producto\\\/junkie-cheddar\\\/#primaryimage\"},\"image\":{\"@id\":\"https:\\\/\\\/hamburgo.co\\\/torreon\\\/producto\\\/junkie-cheddar\\\/#primaryimage\"},\"thumbnailUrl\":\"https:\\\/\\\/hamburgo.co\\\/torreon\\\/wp-content\\\/uploads\\\/sites\\\/5\\\/2025\\\/06\\\/Junkie-Cheddar.jpeg\",\"datePublished\":\"2025-06-11T16:13:18+00:00\",\"dateModified\":\"2026-04-16T12:23:05+00:00\",\"breadcrumb\":{\"@id\":\"https:\\\/\\\/hamburgo.co\\\/torreon\\\/producto\\\/junkie-cheddar\\\/#breadcrumb\"},\"inLanguage\":\"es\",\"potentialAction\":[{\"@type\":\"ReadAction\",\"target\":[\"https:\\\/\\\/hamburgo.co\\\/torreon\\\/producto\\\/junkie-cheddar\\\/\"]}]},{\"@type\":\"ImageObject\",\"inLanguage\":\"es\",\"@id\":\"https:\\\/\\\/hamburgo.co\\\/torreon\\\/producto\\\/junkie-cheddar\\\/#primaryimage\",\"url\":\"https:\\\/\\\/hamburgo.co\\\/torreon\\\/wp-content\\\/uploads\\\/sites\\\/5\\\/2025\\\/06\\\/Junkie-Cheddar.jpeg\",\"contentUrl\":\"https:\\\/\\\/hamburgo.co\\\/torreon\\\/wp-content\\\/uploads\\\/sites\\\/5\\\/2025\\\/06\\\/Junkie-Cheddar.jpeg\",\"width\":991,\"height\":991},{\"@type\":\"BreadcrumbList\",\"@id\":\"https:\\\/\\\/hamburgo.co\\\/torreon\\\/producto\\\/junkie-cheddar\\\/#breadcrumb\",\"itemListElement\":[{\"@type\":\"ListItem\",\"position\":1,\"name\":\"Portada\",\"item\":\"https:\\\/\\\/hamburgo.co\\\/torreon\\\/\"},{\"@type\":\"ListItem\",\"position\":2,\"name\":\"Men\u00fa\",\"item\":\"https:\\\/\\\/hamburgo.co\\\/torreon\\\/menu\\\/\"},{\"@type\":\"ListItem\",\"position\":3,\"name\":\"Junkie Cheddar\"}]},{\"@type\":\"WebSite\",\"@id\":\"https:\\\/\\\/hamburgo.co\\\/torreon\\\/#website\",\"url\":\"https:\\\/\\\/hamburgo.co\\\/torreon\\\/\",\"name\":\"HAMBURGO - Torreon\",\"description\":\"Drink &amp; Bite  - Mar del Plata\",\"potentialAction\":[{\"@type\":\"SearchAction\",\"target\":{\"@type\":\"EntryPoint\",\"urlTemplate\":\"https:\\\/\\\/hamburgo.co\\\/torreon\\\/?s={search_term_string}\"},\"query-input\":{\"@type\":\"PropertyValueSpecification\",\"valueRequired\":true,\"valueName\":\"search_term_string\"}}],\"inLanguage\":\"es\"}]}<\/script>\n<!-- \/ Yoast SEO plugin. -->","yoast_head_json":{"title":"Junkie Cheddar - HAMBURGO - Torreon","robots":{"index":"index","follow":"follow","max-snippet":"max-snippet:-1","max-image-preview":"max-image-preview:large","max-video-preview":"max-video-preview:-1"},"canonical":"https:\/\/hamburgo.co\/torreon\/producto\/junkie-cheddar\/","og_locale":"es_ES","og_type":"article","og_title":"Junkie Cheddar - HAMBURGO - Torreon","og_description":"\u00a1La m\u00e1s vendida!  INGREDIENTES: \u00b7Pan Brioche \u00b7Medall\u00f3n Smashed de 110gr \u00b7Panceta \u00b7Queso Cheddar \u00b7Cebolla caramelizada \u00b7Barbacoa \u00b7Jeringa repleta de Cheddar l\u00edquido","og_url":"https:\/\/hamburgo.co\/torreon\/producto\/junkie-cheddar\/","og_site_name":"HAMBURGO - Torreon","article_modified_time":"2026-04-16T12:23:05+00:00","og_image":[{"width":991,"height":991,"url":"https:\/\/hamburgo.co\/torreon\/wp-content\/uploads\/sites\/5\/2025\/06\/Junkie-Cheddar.jpeg","type":"image\/jpeg"}],"twitter_card":"summary_large_image","twitter_misc":{"Tiempo de lectura":"1 minuto"},"schema":{"@context":"https:\/\/schema.org","@graph":[{"@type":"WebPage","@id":"https:\/\/hamburgo.co\/torreon\/producto\/junkie-cheddar\/","url":"https:\/\/hamburgo.co\/torreon\/producto\/junkie-cheddar\/","name":"Junkie Cheddar - HAMBURGO - Torreon","isPartOf":{"@id":"https:\/\/hamburgo.co\/torreon\/#website"},"primaryImageOfPage":{"@id":"https:\/\/hamburgo.co\/torreon\/producto\/junkie-cheddar\/#primaryimage"},"image":{"@id":"https:\/\/hamburgo.co\/torreon\/producto\/junkie-cheddar\/#primaryimage"},"thumbnailUrl":"https:\/\/hamburgo.co\/torreon\/wp-content\/uploads\/sites\/5\/2025\/06\/Junkie-Cheddar.jpeg","datePublished":"2025-06-11T16:13:18+00:00","dateModified":"2026-04-16T12:23:05+00:00","breadcrumb":{"@id":"https:\/\/hamburgo.co\/torreon\/producto\/junkie-cheddar\/#breadcrumb"},"inLanguage":"es","potentialAction":[{"@type":"ReadAction","target":["https:\/\/hamburgo.co\/torreon\/producto\/junkie-cheddar\/"]}]},{"@type":"ImageObject","inLanguage":"es","@id":"https:\/\/hamburgo.co\/torreon\/producto\/junkie-cheddar\/#primaryimage","url":"https:\/\/hamburgo.co\/torreon\/wp-content\/uploads\/sites\/5\/2025\/06\/Junkie-Cheddar.jpeg","contentUrl":"https:\/\/hamburgo.co\/torreon\/wp-content\/uploads\/sites\/5\/2025\/06\/Junkie-Cheddar.jpeg","width":991,"height":991},{"@type":"BreadcrumbList","@id":"https:\/\/hamburgo.co\/torreon\/producto\/junkie-cheddar\/#breadcrumb","itemListElement":[{"@type":"ListItem","position":1,"name":"Portada","item":"https:\/\/hamburgo.co\/torreon\/"},{"@type":"ListItem","position":2,"name":"Men\u00fa","item":"https:\/\/hamburgo.co\/torreon\/menu\/"},{"@type":"ListItem","position":3,"name":"Junkie Cheddar"}]},{"@type":"WebSite","@id":"https:\/\/hamburgo.co\/torreon\/#website","url":"https:\/\/hamburgo.co\/torreon\/","name":"HAMBURGO - Torreon","description":"Drink &amp; Bite  - Mar del Plata","potentialAction":[{"@type":"SearchAction","target":{"@type":"EntryPoint","urlTemplate":"https:\/\/hamburgo.co\/torreon\/?s={search_term_string}"},"query-input":{"@type":"PropertyValueSpecification","valueRequired":true,"valueName":"search_term_string"}}],"inLanguage":"es"}]}},"_links":{"self":[{"href":"https:\/\/hamburgo.co\/torreon\/wp-json\/wp\/v2\/product\/815","targetHints":{"allow":["GET"]}}],"collection":[{"href":"https:\/\/hamburgo.co\/torreon\/wp-json\/wp\/v2\/product"}],"about":[{"href":"https:\/\/hamburgo.co\/torreon\/wp-json\/wp\/v2\/types\/product"}],"wp:featuredmedia":[{"embeddable":true,"href":"https:\/\/hamburgo.co\/torreon\/wp-json\/wp\/v2\/media\/1548"}],"wp:attachment":[{"href":"https:\/\/hamburgo.co\/torreon\/wp-json\/wp\/v2\/media?parent=815"}],"wp:term":[{"taxonomy":"product_brand","embeddable":true,"href":"https:\/\/hamburgo.co\/torreon\/wp-json\/wp\/v2\/product_brand?post=815"},{"taxonomy":"product_cat","embeddable":true,"href":"https:\/\/hamburgo.co\/torreon\/wp-json\/wp\/v2\/product_cat?post=815"},{"taxonomy":"product_tag","embeddable":true,"href":"https:\/\/hamburgo.co\/torreon\/wp-json\/wp\/v2\/product_tag?post=815"}],"curies":[{"name":"wp","href":"https:\/\/api.w.org\/{rel}","templated":true}]}}