{"id":1727,"date":"2025-10-14T11:47:53","date_gmt":"2025-10-14T14:47:53","guid":{"rendered":"https:\/\/hamburgo.co\/laperla\/?post_type=product&#038;p=1727"},"modified":"2026-04-16T12:31:09","modified_gmt":"2026-04-16T15:31:09","slug":"pollon-lennon","status":"publish","type":"product","link":"https:\/\/hamburgo.co\/laperla\/producto\/pollon-lennon\/","title":{"rendered":"Pollo&#8217;n Lennon"},"content":{"rendered":"","protected":false},"excerpt":{"rendered":"<p><strong>INGREDIENTES:<\/strong><br \/>\n\u00b7Pan Brioche<br \/>\n\u00b7Pollo Crispy<br \/>\n\u00b7Lechuga<br \/>\n\u00b7Mayonesa<\/p>\n","protected":false},"featured_media":1728,"template":"","meta":{"_acf_changed":false},"product_brand":[],"product_cat":[91],"product_tag":[],"class_list":{"0":"post-1727","1":"product","2":"type-product","3":"status-publish","4":"has-post-thumbnail","6":"product_cat-flow","8":"first","9":"instock","10":"shipping-taxable","11":"purchasable","12":"product-type-simple"},"exclude_global_add_ons":false,"addons":[{"name":"Personalizaci\u00f3n","type":"checkbox","position":0,"required":false,"title_format":"label","default":"","description_enable":false,"description":"","placeholder_enable":false,"placeholder":"","display":"select","restrictions_type":"any_text","adjust_price":false,"price":"","price_type":"flat_fee","restrictions":false,"min":"0","max":"0","options":[{"label":"Sin Lechuga","price":"","price_type":"flat_fee","image":0,"visibility":true},{"label":"Sin Mayonesa","price":"","price_type":"flat_fee","image":0,"visibility":true},{"label":"Cambio a Pan de C\u00farcuma","price":"","price_type":"flat_fee","image":0,"visibility":true},{"label":"Cambio a Pan con Queso","price":"500","price_type":"flat_fee","image":0,"visibility":true}],"id":1760442705},{"name":"Aderezos","type":"checkbox","position":0,"required":false,"title_format":"label","default":"","description_enable":false,"description":"","placeholder_enable":false,"placeholder":"","display":"select","restrictions_type":"any_text","adjust_price":false,"price":"","price_type":"flat_fee","restrictions":false,"min":"0","max":"0","options":[{"label":"Mayonesa","price":"","price_type":"flat_fee","image":0,"visibility":true},{"label":"Ketchup","price":"","price_type":"flat_fee","image":0,"visibility":true},{"label":"Mostaza","price":"","price_type":"flat_fee","image":0,"visibility":true},{"label":"Sal","price":"","price_type":"flat_fee","image":0,"visibility":true}],"id":1768995318},{"name":"Adicionales","type":"checkbox","position":0,"required":false,"title_format":"label","default":"","description_enable":true,"description":"\u00a1Eleg\u00ed los adicionales que quieras dentro de tu hamburguesa!","placeholder_enable":false,"placeholder":"","display":"select","restrictions_type":"any_text","adjust_price":false,"price":"","price_type":"flat_fee","restrictions":false,"min":"0","max":"0","options":[{"label":"Extra Aros de Cebolla","price":"500","price_type":"flat_fee","image":0,"visibility":true},{"label":"Extra Bastones de Muzzarella (2)","price":"3000","price_type":"flat_fee","image":0,"visibility":true},{"label":"Extra Cebolla Caramelizada","price":"300","price_type":"flat_fee","image":0,"visibility":true},{"label":"Extra Queso Cheddar","price":"1000","price_type":"flat_fee","image":0,"visibility":true},{"label":"Extra Queso Danbo","price":"1000","price_type":"flat_fee","image":0,"visibility":true},{"label":"Extra Jeringa de Cheddar","price":"1500","price_type":"flat_fee","image":0,"visibility":true},{"label":"Extra Huevo","price":"800","price_type":"flat_fee","image":0,"visibility":true},{"label":"Extra Lechuga","price":"300","price_type":"flat_fee","image":0,"visibility":true},{"label":"Extra Medall\u00f3n NotCo","price":"4000","price_type":"flat_fee","image":0,"visibility":true},{"label":"Extra Medall\u00f3n con Queso Cheddar","price":"4000","price_type":"flat_fee","image":0,"visibility":true},{"label":"Extra Medall\u00f3n con Roquefort","price":"4000","price_type":"flat_fee","image":0,"visibility":true},{"label":"Extra Medall\u00f3n Vegeta","price":"6000","price_type":"flat_fee","image":0,"visibility":true},{"label":"Extra Panceta","price":"2000","price_type":"flat_fee","image":0,"visibility":true},{"label":"Extra Pepinillo","price":"300","price_type":"flat_fee","image":0,"visibility":true},{"label":"Extra Provoleta","price":"1500","price_type":"flat_fee","image":0,"visibility":true},{"label":"Extra Tomate","price":"500","price_type":"flat_fee","image":0,"visibility":true}],"id":1776341529},{"name":"Eleg\u00ed tu Guarnici\u00f3n:","type":"checkbox","position":0,"required":true,"title_format":"label","default":"","description_enable":false,"description":"","placeholder_enable":false,"placeholder":"","display":"select","restrictions_type":"any_text","adjust_price":false,"price":"","price_type":"flat_fee","restrictions":false,"min":"0","max":"0","options":[{"label":"Sin Guarnici\u00f3n","price":"","price_type":"flat_fee","image":0,"visibility":true},{"label":"Papas Baston McCain","price":"","price_type":"flat_fee","image":0,"visibility":true},{"label":"Aros de Cebolla","price":"","price_type":"flat_fee","image":0,"visibility":false}],"id":1761992671},{"name":"Eleg\u00ed el Tama\u00f1o de tu Guarnici\u00f3n:","type":"checkbox","position":1,"required":true,"title_format":"label","default":"","description_enable":false,"description":"","placeholder_enable":false,"placeholder":"","display":"select","restrictions_type":"any_text","adjust_price":false,"price":"","price_type":"flat_fee","restrictions":false,"min":"0","max":"0","options":[{"label":"Sin Guarnici\u00f3n","price":"-2000","price_type":"flat_fee","image":0,"visibility":true},{"label":"Peque\u00f1a","price":"-1000","price_type":"flat_fee","image":0,"visibility":true},{"label":"Mediana","price":"","price_type":"flat_fee","image":0,"visibility":true},{"label":"Grande","price":"1500","price_type":"flat_fee","image":0,"visibility":false},{"label":"Grande (promo lunes a jueves)","price":"","price_type":"flat_fee","image":0,"visibility":true}],"id":1761992672}],"acf":[],"yoast_head":"<!-- This site is optimized with the Yoast SEO plugin v27.5 - https:\/\/yoast.com\/product\/yoast-seo-wordpress\/ -->\n<title>Pollo&#039;n Lennon - HAMBURGO - La Perla<\/title>\n<meta name=\"robots\" content=\"index, follow, max-snippet:-1, max-image-preview:large, max-video-preview:-1\" \/>\n<link rel=\"canonical\" href=\"https:\/\/hamburgo.co\/laperla\/producto\/pollon-lennon\/\" \/>\n<meta property=\"og:locale\" content=\"es_ES\" \/>\n<meta property=\"og:type\" content=\"article\" \/>\n<meta property=\"og:title\" content=\"Pollo&#039;n Lennon - HAMBURGO - La Perla\" \/>\n<meta property=\"og:description\" content=\"INGREDIENTES: \u00b7Pan Brioche \u00b7Pollo Crispy \u00b7Lechuga \u00b7Mayonesa\" \/>\n<meta property=\"og:url\" content=\"https:\/\/hamburgo.co\/laperla\/producto\/pollon-lennon\/\" \/>\n<meta property=\"og:site_name\" content=\"HAMBURGO - La Perla\" \/>\n<meta property=\"article:modified_time\" content=\"2026-04-16T15:31:09+00:00\" \/>\n<meta property=\"og:image\" content=\"https:\/\/hamburgo.co\/laperla\/wp-content\/uploads\/sites\/3\/2025\/10\/pollon.png\" \/>\n\t<meta property=\"og:image:width\" content=\"561\" \/>\n\t<meta property=\"og:image:height\" content=\"444\" \/>\n\t<meta property=\"og:image:type\" content=\"image\/png\" \/>\n<meta name=\"twitter:card\" content=\"summary_large_image\" \/>\n<meta name=\"twitter:label1\" content=\"Tiempo de lectura\" \/>\n\t<meta name=\"twitter:data1\" content=\"1 minuto\" \/>\n<script type=\"application\/ld+json\" class=\"yoast-schema-graph\">{\"@context\":\"https:\\\/\\\/schema.org\",\"@graph\":[{\"@type\":\"WebPage\",\"@id\":\"https:\\\/\\\/hamburgo.co\\\/laperla\\\/producto\\\/pollon-lennon\\\/\",\"url\":\"https:\\\/\\\/hamburgo.co\\\/laperla\\\/producto\\\/pollon-lennon\\\/\",\"name\":\"Pollo'n Lennon - HAMBURGO - La Perla\",\"isPartOf\":{\"@id\":\"https:\\\/\\\/hamburgo.co\\\/laperla\\\/#website\"},\"primaryImageOfPage\":{\"@id\":\"https:\\\/\\\/hamburgo.co\\\/laperla\\\/producto\\\/pollon-lennon\\\/#primaryimage\"},\"image\":{\"@id\":\"https:\\\/\\\/hamburgo.co\\\/laperla\\\/producto\\\/pollon-lennon\\\/#primaryimage\"},\"thumbnailUrl\":\"https:\\\/\\\/hamburgo.co\\\/laperla\\\/wp-content\\\/uploads\\\/sites\\\/3\\\/2025\\\/10\\\/pollon.png\",\"datePublished\":\"2025-10-14T14:47:53+00:00\",\"dateModified\":\"2026-04-16T15:31:09+00:00\",\"breadcrumb\":{\"@id\":\"https:\\\/\\\/hamburgo.co\\\/laperla\\\/producto\\\/pollon-lennon\\\/#breadcrumb\"},\"inLanguage\":\"es\",\"potentialAction\":[{\"@type\":\"ReadAction\",\"target\":[\"https:\\\/\\\/hamburgo.co\\\/laperla\\\/producto\\\/pollon-lennon\\\/\"]}]},{\"@type\":\"ImageObject\",\"inLanguage\":\"es\",\"@id\":\"https:\\\/\\\/hamburgo.co\\\/laperla\\\/producto\\\/pollon-lennon\\\/#primaryimage\",\"url\":\"https:\\\/\\\/hamburgo.co\\\/laperla\\\/wp-content\\\/uploads\\\/sites\\\/3\\\/2025\\\/10\\\/pollon.png\",\"contentUrl\":\"https:\\\/\\\/hamburgo.co\\\/laperla\\\/wp-content\\\/uploads\\\/sites\\\/3\\\/2025\\\/10\\\/pollon.png\",\"width\":561,\"height\":444},{\"@type\":\"BreadcrumbList\",\"@id\":\"https:\\\/\\\/hamburgo.co\\\/laperla\\\/producto\\\/pollon-lennon\\\/#breadcrumb\",\"itemListElement\":[{\"@type\":\"ListItem\",\"position\":1,\"name\":\"Portada\",\"item\":\"https:\\\/\\\/hamburgo.co\\\/laperla\\\/\"},{\"@type\":\"ListItem\",\"position\":2,\"name\":\"Men\u00fa\",\"item\":\"https:\\\/\\\/hamburgo.co\\\/laperla\\\/menu\\\/\"},{\"@type\":\"ListItem\",\"position\":3,\"name\":\"Pollo&#8217;n Lennon\"}]},{\"@type\":\"WebSite\",\"@id\":\"https:\\\/\\\/hamburgo.co\\\/laperla\\\/#website\",\"url\":\"https:\\\/\\\/hamburgo.co\\\/laperla\\\/\",\"name\":\"HAMBURGO - La Perla\",\"description\":\"Drink &amp; Bite  - Mar del Plata\",\"potentialAction\":[{\"@type\":\"SearchAction\",\"target\":{\"@type\":\"EntryPoint\",\"urlTemplate\":\"https:\\\/\\\/hamburgo.co\\\/laperla\\\/?s={search_term_string}\"},\"query-input\":{\"@type\":\"PropertyValueSpecification\",\"valueRequired\":true,\"valueName\":\"search_term_string\"}}],\"inLanguage\":\"es\"}]}<\/script>\n<!-- \/ Yoast SEO plugin. -->","yoast_head_json":{"title":"Pollo'n Lennon - HAMBURGO - La Perla","robots":{"index":"index","follow":"follow","max-snippet":"max-snippet:-1","max-image-preview":"max-image-preview:large","max-video-preview":"max-video-preview:-1"},"canonical":"https:\/\/hamburgo.co\/laperla\/producto\/pollon-lennon\/","og_locale":"es_ES","og_type":"article","og_title":"Pollo'n Lennon - HAMBURGO - La Perla","og_description":"INGREDIENTES: \u00b7Pan Brioche \u00b7Pollo Crispy \u00b7Lechuga \u00b7Mayonesa","og_url":"https:\/\/hamburgo.co\/laperla\/producto\/pollon-lennon\/","og_site_name":"HAMBURGO - La Perla","article_modified_time":"2026-04-16T15:31:09+00:00","og_image":[{"width":561,"height":444,"url":"https:\/\/hamburgo.co\/laperla\/wp-content\/uploads\/sites\/3\/2025\/10\/pollon.png","type":"image\/png"}],"twitter_card":"summary_large_image","twitter_misc":{"Tiempo de lectura":"1 minuto"},"schema":{"@context":"https:\/\/schema.org","@graph":[{"@type":"WebPage","@id":"https:\/\/hamburgo.co\/laperla\/producto\/pollon-lennon\/","url":"https:\/\/hamburgo.co\/laperla\/producto\/pollon-lennon\/","name":"Pollo'n Lennon - HAMBURGO - La Perla","isPartOf":{"@id":"https:\/\/hamburgo.co\/laperla\/#website"},"primaryImageOfPage":{"@id":"https:\/\/hamburgo.co\/laperla\/producto\/pollon-lennon\/#primaryimage"},"image":{"@id":"https:\/\/hamburgo.co\/laperla\/producto\/pollon-lennon\/#primaryimage"},"thumbnailUrl":"https:\/\/hamburgo.co\/laperla\/wp-content\/uploads\/sites\/3\/2025\/10\/pollon.png","datePublished":"2025-10-14T14:47:53+00:00","dateModified":"2026-04-16T15:31:09+00:00","breadcrumb":{"@id":"https:\/\/hamburgo.co\/laperla\/producto\/pollon-lennon\/#breadcrumb"},"inLanguage":"es","potentialAction":[{"@type":"ReadAction","target":["https:\/\/hamburgo.co\/laperla\/producto\/pollon-lennon\/"]}]},{"@type":"ImageObject","inLanguage":"es","@id":"https:\/\/hamburgo.co\/laperla\/producto\/pollon-lennon\/#primaryimage","url":"https:\/\/hamburgo.co\/laperla\/wp-content\/uploads\/sites\/3\/2025\/10\/pollon.png","contentUrl":"https:\/\/hamburgo.co\/laperla\/wp-content\/uploads\/sites\/3\/2025\/10\/pollon.png","width":561,"height":444},{"@type":"BreadcrumbList","@id":"https:\/\/hamburgo.co\/laperla\/producto\/pollon-lennon\/#breadcrumb","itemListElement":[{"@type":"ListItem","position":1,"name":"Portada","item":"https:\/\/hamburgo.co\/laperla\/"},{"@type":"ListItem","position":2,"name":"Men\u00fa","item":"https:\/\/hamburgo.co\/laperla\/menu\/"},{"@type":"ListItem","position":3,"name":"Pollo&#8217;n Lennon"}]},{"@type":"WebSite","@id":"https:\/\/hamburgo.co\/laperla\/#website","url":"https:\/\/hamburgo.co\/laperla\/","name":"HAMBURGO - La Perla","description":"Drink &amp; Bite  - Mar del Plata","potentialAction":[{"@type":"SearchAction","target":{"@type":"EntryPoint","urlTemplate":"https:\/\/hamburgo.co\/laperla\/?s={search_term_string}"},"query-input":{"@type":"PropertyValueSpecification","valueRequired":true,"valueName":"search_term_string"}}],"inLanguage":"es"}]}},"_links":{"self":[{"href":"https:\/\/hamburgo.co\/laperla\/wp-json\/wp\/v2\/product\/1727","targetHints":{"allow":["GET"]}}],"collection":[{"href":"https:\/\/hamburgo.co\/laperla\/wp-json\/wp\/v2\/product"}],"about":[{"href":"https:\/\/hamburgo.co\/laperla\/wp-json\/wp\/v2\/types\/product"}],"wp:featuredmedia":[{"embeddable":true,"href":"https:\/\/hamburgo.co\/laperla\/wp-json\/wp\/v2\/media\/1728"}],"wp:attachment":[{"href":"https:\/\/hamburgo.co\/laperla\/wp-json\/wp\/v2\/media?parent=1727"}],"wp:term":[{"taxonomy":"product_brand","embeddable":true,"href":"https:\/\/hamburgo.co\/laperla\/wp-json\/wp\/v2\/product_brand?post=1727"},{"taxonomy":"product_cat","embeddable":true,"href":"https:\/\/hamburgo.co\/laperla\/wp-json\/wp\/v2\/product_cat?post=1727"},{"taxonomy":"product_tag","embeddable":true,"href":"https:\/\/hamburgo.co\/laperla\/wp-json\/wp\/v2\/product_tag?post=1727"}],"curies":[{"name":"wp","href":"https:\/\/api.w.org\/{rel}","templated":true}]}}